{"id":4706,"date":"2023-01-04T09:10:41","date_gmt":"2023-01-04T08:10:41","guid":{"rendered":"https:\/\/valicompany.com\/kontakt\/"},"modified":"2023-08-13T18:16:01","modified_gmt":"2023-08-13T16:16:01","slug":"kontakt","status":"publish","type":"page","link":"https:\/\/earthworm.templweb.com\/de\/kontakt\/","title":{"rendered":"Kontakt"},"content":{"rendered":"<section class=\"hero-60 wp-block-vali-theme-hero-faq\">\n    <div class=\"hero-background-faq-test\" style=\"background-image: url(https:\/\/earthworm.templweb.com\/wp-content\/uploads\/2023\/01\/hero_bg_contact_us.jpg);background-position:;\">\n        <div class=\"hero-60__inner-container\">\n            <div class=\"faq-hero__wrapper-content flex\">\n                <h1>Kontakt<\/h1>\n            <\/div>\n            <p><p>Si haben Fragen? Wir haben Antworten. Unsere Kontaktseite ist Ihr Tor zur nahtlosen Kommunikation mit uns. Sprechen Sie mit uns und lassen Sie uns Ihre Rasierroutine au\u00dfergew\u00f6hnlich machen. Bitte beachten Sie, dass der Support nur auf Englisch verf\u00fcgbar ist.<\/p>\n<\/p>\n                    <\/div>\n    <\/div>\n<\/section>\n<section class=\"wp-block-vali-theme-section-empty padding-section-xxl\"> <div class=\"container\">\n<div class=\"wp-block-columns is-layout-flex wp-container-3 wp-block-columns-is-layout-flex\">\n<div class=\"wp-block-column is-layout-flow wp-block-column-is-layout-flow\" style=\"flex-basis:66.66%\"><div class=\"wpforms-container wpforms-container-full wpforms-block wpforms-block-0bd662f4-bde9-4293-9aa4-196b478e1b24\" id=\"wpforms-3545\"><form id=\"wpforms-form-3545\" class=\"wpforms-validate wpforms-form wpforms-ajax-form\" data-formid=\"3545\" method=\"post\" enctype=\"multipart\/form-data\" action=\"\/de\/wp-json\/wp\/v2\/pages\/4706\" data-token=\"f8d78a303eff6011d2a20694291ee9be\"><noscript class=\"wpforms-error-noscript\">Bitte aktiviere JavaScript in deinem Browser, um dieses Formular fertigzustellen.<\/noscript><div class=\"wpforms-field-container\"><div id=\"wpforms-3545-field_0-container\" class=\"wpforms-field wpforms-field-name\" data-field-id=\"0\"><label class=\"wpforms-field-label\" for=\"wpforms-3545-field_0\">Name <span class=\"wpforms-required-label\">*<\/span><\/label><input type=\"text\" id=\"wpforms-3545-field_0\" class=\"wpforms-field-large wpforms-field-required\" name=\"wpforms[fields][0]\" required><\/div><div id=\"wpforms-3545-field_1-container\" class=\"wpforms-field wpforms-field-email\" data-field-id=\"1\"><label class=\"wpforms-field-label\" for=\"wpforms-3545-field_1\">Email <span class=\"wpforms-required-label\">*<\/span><\/label><input type=\"email\" id=\"wpforms-3545-field_1\" class=\"wpforms-field-large wpforms-field-required\" name=\"wpforms[fields][1]\" spellcheck=\"false\" required><\/div><div id=\"wpforms-3545-field_2-container\" class=\"wpforms-field wpforms-field-textarea\" data-field-id=\"2\"><label class=\"wpforms-field-label\" for=\"wpforms-3545-field_2\">Message<\/label><textarea id=\"wpforms-3545-field_2\" class=\"wpforms-field-large\" name=\"wpforms[fields][2]\" ><\/textarea><\/div><\/div><!-- .wpforms-field-container --><div class=\"wpforms-recaptcha-container wpforms-is-recaptcha\" ><div class=\"g-recaptcha\" data-sitekey=\"6Lca5YInAAAAALAQ3u0J0w9yjJgSjQiUYhhHOBAA\" data-size=\"invisible\"><\/div><\/div><div class=\"wpforms-submit-container\" ><input type=\"hidden\" name=\"wpforms[id]\" value=\"3545\"><input type=\"hidden\" name=\"wpforms[author]\" value=\"1\"><button type=\"submit\" name=\"wpforms[submit]\" id=\"wpforms-submit-3545\" class=\"wpforms-submit contact-submit\" data-alt-text=\"Sending...\" data-submit-text=\"Send\" aria-live=\"assertive\" value=\"wpforms-submit\">Send<\/button><img decoding=\"async\" loading=\"lazy\" src=\"https:\/\/earthworm.templweb.com\/wp-content\/plugins\/wpforms-lite\/assets\/images\/submit-spin.svg\" class=\"wpforms-submit-spinner\" style=\"display: none;\" width=\"26\" height=\"26\" alt=\"Wird geladen\"><\/div><\/form><\/div>  <!-- .wpforms-container --><\/div>\n\n\n\n<div class=\"wp-block-column is-layout-flow wp-block-column-is-layout-flow\" style=\"flex-basis:33.33%\">\n<h3 class=\"wp-block-heading heading-left-border\">Vali &amp; Co. AB<\/h3>\n\n\n\n<div style=\"height:16px\" aria-hidden=\"true\" class=\"wp-block-spacer\"><\/div>\n\n\n\n<p>Egnahemsv\u00e4gen 21<\/p>\n\n\n\n<p>174 46 Sundbyerg<\/p>\n\n\n\n<p>559240-3835<\/p>\n\n\n\n<p><a href=\"&#x6d;&#97;i&#x6c;&#116;o&#x3a;&#115;u&#x70;&#x70;&#111;&#x72;&#x74;&#64;v&#x61;&#108;i&#x2e;&#115;e\">&#x73;&#x75;&#112;&#112;or&#x74;&#x40;&#x76;&#97;li&#x2e;&#x73;&#x65;<\/a><\/p>\n\n\n\n<p><\/p>\n<\/div>\n<\/div>\n<\/div> <\/section>\n","protected":false},"excerpt":{"rendered":"<p>Si haben Fragen? Wir haben Antworten. Unsere Kontaktseite ist Ihr Tor zur nahtlosen Kommunikation mit uns. Sprechen Sie mit uns und lassen Sie uns Ihre Rasierroutine au\u00dfergew\u00f6hnlich machen. Bitte beachten Sie, dass der Support nur auf Englisch verf\u00fcgbar ist.<\/p>\n","protected":false},"author":1,"featured_media":0,"parent":0,"menu_order":0,"comment_status":"closed","ping_status":"closed","template":"","meta":{"inline_featured_image":false,"footnotes":""},"meta_box":[],"_links":{"self":[{"href":"https:\/\/earthworm.templweb.com\/de\/wp-json\/wp\/v2\/pages\/4706"}],"collection":[{"href":"https:\/\/earthworm.templweb.com\/de\/wp-json\/wp\/v2\/pages"}],"about":[{"href":"https:\/\/earthworm.templweb.com\/de\/wp-json\/wp\/v2\/types\/page"}],"author":[{"embeddable":true,"href":"https:\/\/earthworm.templweb.com\/de\/wp-json\/wp\/v2\/users\/1"}],"replies":[{"embeddable":true,"href":"https:\/\/earthworm.templweb.com\/de\/wp-json\/wp\/v2\/comments?post=4706"}],"version-history":[{"count":5,"href":"https:\/\/earthworm.templweb.com\/de\/wp-json\/wp\/v2\/pages\/4706\/revisions"}],"predecessor-version":[{"id":5016,"href":"https:\/\/earthworm.templweb.com\/de\/wp-json\/wp\/v2\/pages\/4706\/revisions\/5016"}],"wp:attachment":[{"href":"https:\/\/earthworm.templweb.com\/de\/wp-json\/wp\/v2\/media?parent=4706"}],"curies":[{"name":"wp","href":"https:\/\/api.w.org\/{rel}","templated":true}]}}