{"id":4770,"date":"2023-01-07T09:24:40","date_gmt":"2023-01-07T08:24:40","guid":{"rendered":"https:\/\/valicompany.com\/products\/rasierklingen-fuer-rasierhobel\/"},"modified":"2023-07-17T21:37:50","modified_gmt":"2023-07-17T19:37:50","slug":"rasierklingen-rasierhobel","status":"publish","type":"product","link":"https:\/\/earthworm.templweb.com\/de\/produkte\/rasierklingen-rasierhobel\/","title":{"rendered":"Rasierklingen f\u00fcr Rasierhobel"},"content":{"rendered":"","protected":false},"excerpt":{"rendered":"<p><em>Aus schwedischem Stahl f\u00fcr optimale Sch\u00e4rfe.<\/em><\/p>\n<p>Entwickelt, um mit minimaler Reibung \u00fcber die Haut zu gleiten und auf Hauth\u00f6he zu schneiden, um Rasierpickel zu vermeiden.<\/p>\n<ul>\n<li>Perfektes Verh\u00e4ltnis zwischen Sch\u00e4rfe und Komfort.<\/li>\n<li>D\u00fcnne Kanten f\u00fcr eine sanfte Rasur ohne Ziehen und Zerren.<\/li>\n<li>Eine d\u00fcnne Schicht aus Platinchrom sorgt f\u00fcr zus\u00e4tzlichen Komfort und Haltbarkeit.<\/li>\n<li>Eine gute Wahl f\u00fcr alle, die eine erschwingliche Klinge suchen, die nicht zu aggressiv oder stumpf ist.<\/li>\n<li>Packung mit 10 Rasierklingen pro Packung.<\/li>\n<\/ul>\n<p>Passend f\u00fcr alle Vali Rasierhobel.<\/p>\n","protected":false},"featured_media":4301,"comment_status":"open","ping_status":"closed","template":"","meta":{"inline_featured_image":false},"product_cat":[172,174],"product_tag":[178],"meta_box":{"parcel_dimensions":"16 x 10 x 3 cm","available_transport_companies":[],"countries":["Sweden"],"ingredients":"","usage":""},"_links":{"self":[{"href":"https:\/\/earthworm.templweb.com\/de\/wp-json\/wp\/v2\/product\/4770"}],"collection":[{"href":"https:\/\/earthworm.templweb.com\/de\/wp-json\/wp\/v2\/product"}],"about":[{"href":"https:\/\/earthworm.templweb.com\/de\/wp-json\/wp\/v2\/types\/product"}],"replies":[{"embeddable":true,"href":"https:\/\/earthworm.templweb.com\/de\/wp-json\/wp\/v2\/comments?post=4770"}],"wp:featuredmedia":[{"embeddable":true,"href":"https:\/\/earthworm.templweb.com\/de\/wp-json\/wp\/v2\/media\/4301"}],"wp:attachment":[{"href":"https:\/\/earthworm.templweb.com\/de\/wp-json\/wp\/v2\/media?parent=4770"}],"wp:term":[{"taxonomy":"product_cat","embeddable":true,"href":"https:\/\/earthworm.templweb.com\/de\/wp-json\/wp\/v2\/product_cat?post=4770"},{"taxonomy":"product_tag","embeddable":true,"href":"https:\/\/earthworm.templweb.com\/de\/wp-json\/wp\/v2\/product_tag?post=4770"}],"curies":[{"name":"wp","href":"https:\/\/api.w.org\/{rel}","templated":true}]}}