{"id":4783,"date":"2023-01-07T09:24:39","date_gmt":"2023-01-07T08:24:39","guid":{"rendered":"https:\/\/valicompany.com\/products\/after-shave-balsam\/"},"modified":"2023-07-17T21:38:40","modified_gmt":"2023-07-17T19:38:40","slug":"aftershave-balsam","status":"publish","type":"product","link":"https:\/\/earthworm.templweb.com\/de\/produkte\/aftershave-balsam\/","title":{"rendered":"After Shave Balsam"},"content":{"rendered":"","protected":false},"excerpt":{"rendered":"<p><em>K\u00fchlt ohne brennen.<\/em><\/p>\n<p>Anstelle von scharfen Chemikalien und Alkohol enth\u00e4lt unser After Shave eine sanfte Mischung aus Hamamelis, Allantoin, Kamillenextrakt und einem Hauch von erfrischendem Menthol &#8211; sorgf\u00e4ltig abgestimmt, um selbst die empfindlichste Haut zufrieden zu stellen.<\/p>\n<ul>\n<li>Zieht leicht in die Haut ein, nicht fettend.<\/li>\n<li>Alkoholfrei, hilft, R\u00f6tungen zu reduzieren und die Haut nach der Rasur zu beruhigen.<\/li>\n<li>Spendet Feuchtigkeit und k\u00fchlt durch einen Hauch von Menthol.<\/li>\n<li>Mild parf\u00fcmiert mit vollkommen nat\u00fcrlichem Lavendel\u00f6l.<\/li>\n<li>Grausamkeitsfrei, nicht an Tieren getestet.<\/li>\n<li>75ml<\/li>\n<\/ul>\n","protected":false},"featured_media":4324,"comment_status":"open","ping_status":"closed","template":"","meta":{"inline_featured_image":false},"product_cat":[172,174],"product_tag":[178],"meta_box":{"parcel_dimensions":"19 x 18 x 5 cm","available_transport_companies":[],"countries":[],"ingredients":"Water (Aqua), Glycerin, Ethylhexyl Palmitate, Cetearyl Alcohol, Glyceryl Stearate, Polyquaternium-22 (and) C13-16 Isoparaffin (and) Laureth-25, Peg-100 Stearate, Dimethicone, Butyrospermum Parkii (Shea Butter), Theobroma Cacao (Cocoa Seed Butter), Phenoxyethanol, Fragrance (Parfum), Allantoin, Aloe Barbadensis Leaf Extract, Carbomer, Triethanolamine, Chlorphenesin, Menthol.","usage":"<p>Sp\u00fclen Sie die Haut nach der Rasur mit kaltem Wasser ab, um die Poren wieder zu schlie\u00dfen. Anschlie\u00dfend eine erdnussgro\u00dfe Menge des After Shave Balsams auf die Haut auftragen.<\/p>\n<p>Lesen Sie immer die Liste der Inhaltsstoffe und testen Sie vor der Rasur eine kleine Menge, um das Auftreten von allergischen Reaktionen auszuschlie\u00dfen.<\/p>\n"},"_links":{"self":[{"href":"https:\/\/earthworm.templweb.com\/de\/wp-json\/wp\/v2\/product\/4783"}],"collection":[{"href":"https:\/\/earthworm.templweb.com\/de\/wp-json\/wp\/v2\/product"}],"about":[{"href":"https:\/\/earthworm.templweb.com\/de\/wp-json\/wp\/v2\/types\/product"}],"replies":[{"embeddable":true,"href":"https:\/\/earthworm.templweb.com\/de\/wp-json\/wp\/v2\/comments?post=4783"}],"wp:featuredmedia":[{"embeddable":true,"href":"https:\/\/earthworm.templweb.com\/de\/wp-json\/wp\/v2\/media\/4324"}],"wp:attachment":[{"href":"https:\/\/earthworm.templweb.com\/de\/wp-json\/wp\/v2\/media?parent=4783"}],"wp:term":[{"taxonomy":"product_cat","embeddable":true,"href":"https:\/\/earthworm.templweb.com\/de\/wp-json\/wp\/v2\/product_cat?post=4783"},{"taxonomy":"product_tag","embeddable":true,"href":"https:\/\/earthworm.templweb.com\/de\/wp-json\/wp\/v2\/product_tag?post=4783"}],"curies":[{"name":"wp","href":"https:\/\/api.w.org\/{rel}","templated":true}]}}