{"id":4117,"date":"2022-11-29T12:57:44","date_gmt":"2022-11-29T11:57:44","guid":{"rendered":"http:\/\/vali-co-2.local\/hem\/"},"modified":"2023-05-09T10:05:41","modified_gmt":"2023-05-09T08:05:41","slug":"hem","status":"publish","type":"page","link":"https:\/\/earthworm.templweb.com\/sv\/","title":{"rendered":"Hem"},"content":{"rendered":"\n<section class=\"wp-block-vali-theme-hero-home-2 hero-fullscreen-home hero-fullscreen\"> <img decoding=\"async\" fetchpriority=\"high\" width=\"1920\" height=\"808\" src=\"https:\/\/earthworm.templweb.com\/wp-content\/uploads\/2022\/11\/safety-razor_background.jpg\" class=\"background-image-hero-desktop wp-image-44\" loading=\"eager\" alt=\"Tv\u00e5 s\u00e4kerhetshyvlar fr\u00e5n Vali, Guldrosa och svart.\" srcset=\"https:\/\/earthworm.templweb.com\/wp-content\/uploads\/2022\/11\/safety-razor_background.jpg 1920w, https:\/\/earthworm.templweb.com\/wp-content\/uploads\/2022\/11\/safety-razor_background-600x253.jpg 600w, https:\/\/earthworm.templweb.com\/wp-content\/uploads\/2022\/11\/safety-razor_background-500x210.jpg 500w, https:\/\/earthworm.templweb.com\/wp-content\/uploads\/2022\/11\/safety-razor_background-1024x431.jpg 1024w, https:\/\/earthworm.templweb.com\/wp-content\/uploads\/2022\/11\/safety-razor_background-768x323.jpg 768w, https:\/\/earthworm.templweb.com\/wp-content\/uploads\/2022\/11\/safety-razor_background-1536x646.jpg 1536w, https:\/\/earthworm.templweb.com\/wp-content\/uploads\/2022\/11\/safety-razor_background-300x126.jpg 300w\" sizes=\"(max-width: 1920px) 100vw, 1920px\" \/> <img decoding=\"async\" width=\"768\" height=\"928\" src=\"https:\/\/earthworm.templweb.com\/wp-content\/uploads\/2022\/11\/safety-razor_background_tablet.jpg\" class=\"background-image-hero-tablet wp-image-51\" loading=\"eager\" alt=\"Tv\u00e5 s\u00e4kerhetshyvlar fr\u00e5n Vali, Guldrosa och svart.\" srcset=\"https:\/\/earthworm.templweb.com\/wp-content\/uploads\/2022\/11\/safety-razor_background_tablet.jpg 768w, https:\/\/earthworm.templweb.com\/wp-content\/uploads\/2022\/11\/safety-razor_background_tablet-600x725.jpg 600w, https:\/\/earthworm.templweb.com\/wp-content\/uploads\/2022\/11\/safety-razor_background_tablet-414x500.jpg 414w, https:\/\/earthworm.templweb.com\/wp-content\/uploads\/2022\/11\/safety-razor_background_tablet-248x300.jpg 248w\" sizes=\"(max-width: 768px) 100vw, 768px\" \/> <div class=\"container\"> <div class=\"main-hero__wrapper\"> <div class=\"flex main-hero__wrapper-content\"> <img decoding=\"async\" src=\"https:\/\/earthworm.templweb.com\/wp-content\/themes\/valitheme\/media\/animations\/V%20logo%20cut%20animation%202.svg\" style=\"width:clamp(4rem, calc(4rem + ((1vw - 0.48rem) * 4.8611)), 7.5rem)\" alt=\"logo\"> <h1 class=\"fade-in-left main-hero__heading\">One blade<\/h1> <\/div> <p>&#8220;Skillnaden fr\u00e5n en vanlig rakhyvel \u00e4r som dag och natt&#8221;<\/p> <a href=\"https:\/\/earthworm.templweb.com\/sv\/produkter\/\" class=\"main-cta-link\">Se Produkter<\/a> <\/div> <\/div> <\/section>\n\n\n\n<section class=\"wp-block-vali-theme-category-links-home padding-section-xs\"> <div class=\"container container--full-width\"> <div class=\"column-wrapper--full flex gap-s\"> <div class=\"col-cta\"> <img decoding=\"async\" loading=\"lazy\" src=\"https:\/\/earthworm.templweb.com\/wp-content\/uploads\/2022\/12\/men_shaving_safety-razor.jpg\" alt=\"man rakar ansiktet med vali s\u00e4kerhetshyvel\" width=\"900\" height=\"500\" class=\"wp-image-226\" srcset=\"https:\/\/earthworm.templweb.com\/wp-content\/uploads\/2022\/12\/men_shaving_safety-razor.jpg 900w, https:\/\/earthworm.templweb.com\/wp-content\/uploads\/2022\/12\/men_shaving_safety-razor-600x333.jpg 600w, https:\/\/earthworm.templweb.com\/wp-content\/uploads\/2022\/12\/men_shaving_safety-razor-500x278.jpg 500w, https:\/\/earthworm.templweb.com\/wp-content\/uploads\/2022\/12\/men_shaving_safety-razor-768x427.jpg 768w, https:\/\/earthworm.templweb.com\/wp-content\/uploads\/2022\/12\/men_shaving_safety-razor-300x167.jpg 300w\" sizes=\"(max-width: 900px) 100vw, 900px\" \/><a href=\"https:\/\/earthworm.templweb.com\/sv\/produkter\/#mens\" class=\"col-cta__button\"><div><span>Handla herr<\/span> <div class=\"flex\"><span>Se mer<\/span> <svg width=\"24\" height=\"24\" viewbox=\"0 0 24 24\" fill=\"none\" xmlns=\"http:\/\/www.w3.org\/2000\/svg\">  <path d=\"M15.0378 6.34317L13.6269 7.76069L16.8972 11.0157L3.29211 11.0293L3.29413 13.0293L16.8619 13.0157L13.6467 16.2459L15.0643 17.6568L20.7079 11.9868L15.0378 6.34317Z\" fill=\"currentColor\"><\/path>  <\/svg> <\/div> <\/div><\/a> <\/div> <div class=\"col-cta\"> <img decoding=\"async\" loading=\"lazy\" src=\"https:\/\/earthworm.templweb.com\/wp-content\/uploads\/2022\/12\/women_shaving_safety-razor.jpg\" alt=\"dam rakar benen med rosa rakhyvel\" width=\"900\" height=\"500\" class=\"wp-image-227\" srcset=\"https:\/\/earthworm.templweb.com\/wp-content\/uploads\/2022\/12\/women_shaving_safety-razor.jpg 900w, https:\/\/earthworm.templweb.com\/wp-content\/uploads\/2022\/12\/women_shaving_safety-razor-600x333.jpg 600w, https:\/\/earthworm.templweb.com\/wp-content\/uploads\/2022\/12\/women_shaving_safety-razor-500x278.jpg 500w, https:\/\/earthworm.templweb.com\/wp-content\/uploads\/2022\/12\/women_shaving_safety-razor-768x427.jpg 768w, https:\/\/earthworm.templweb.com\/wp-content\/uploads\/2022\/12\/women_shaving_safety-razor-300x167.jpg 300w\" sizes=\"(max-width: 900px) 100vw, 900px\" \/><a href=\"https:\/\/earthworm.templweb.com\/sv\/produkter\/#womens\" class=\"col-cta__button\"><div><span>Handla dam<\/span> <div class=\"flex\"> <span>Se mer<\/span> <svg width=\"24\" height=\"24\" viewbox=\"0 0 24 24\" fill=\"none\" xmlns=\"http:\/\/www.w3.org\/2000\/svg\">  <path d=\"M15.0378 6.34317L13.6269 7.76069L16.8972 11.0157L3.29211 11.0293L3.29413 13.0293L16.8619 13.0157L13.6467 16.2459L15.0643 17.6568L20.7079 11.9868L15.0378 6.34317Z\" fill=\"currentColor\"><\/path>  <\/svg> <\/div> <\/div><\/a> <\/div> <\/div> <\/div> <\/section>\n\n\n\n<section class=\"wp-block-vali-theme-home-benefits padding-section-xs\"> <div class=\"container container--full-width\"> <div class=\"flex wrapper-cards-icon-home\"> <div class=\"card-icon-home\"> <img decoding=\"async\" loading=\"lazy\" src=\"https:\/\/earthworm.templweb.com\/wp-content\/themes\/valitheme\/media\/images\/homepage\/razor-blades_recycle_white.svg\" class=\"card-icon-home__icon \" width=\"128\" height=\"128\" alt=\"\u00e5tervinning ikon\"> <div class=\"card-icon-home__inside-wrapper\"> <h2 class=\"heading-card-home\">Eko-Rakning<\/h2> <p>V\u00e5ra dubbelrakblad tillverkas endast av svenskt rostfritt st\u00e5l och kan \u00e5tervinnas till 100%.<\/p> <\/div> <\/div> <div class=\"card-icon-home card-icon-home--light\"> <img decoding=\"async\" loading=\"lazy\" src=\"https:\/\/earthworm.templweb.com\/wp-content\/themes\/valitheme\/media\/images\/homepage\/razor-blades_cheap.svg\" class=\"card-icon-home__icon \" width=\"128\" height=\"128\" alt=\"mynt ovanf\u00f6r hand spara pengar ikon\"> <div class=\"card-icon-home__inside-wrapper\"> <h2 class=\"heading-card-home\">Prisv\u00e4rdhet<\/h2> <p>Prisv\u00e4rda dubbelrakblad, raka med ett fr\u00e4scht rakblad varje g\u00e5ng utan sl\u00f6sa.<\/p> <\/div> <\/div> <div class=\"card-icon-home\"> <img decoding=\"async\" loading=\"lazy\" src=\"https:\/\/earthworm.templweb.com\/wp-content\/themes\/valitheme\/media\/images\/homepage\/safety-razor_one_blade.svg\" class=\"card-icon-home__icon \" width=\"128\" height=\"128\" alt=\"ikon som visar sk\u00e4rning av ett rakblad p\u00e5 hudniv\u00e5\"> <div class=\"card-icon-home__inside-wrapper\"> <h2 class=\"heading-card-home\">Mindre Hudirritation<\/h2> <p>Sk\u00e4r i niv\u00e5 med huden, utan drag och riv.<\/p> <\/div> <\/div> <\/div> <\/div> <\/section>\n\n\n\n<section class=\"wp-block-vali-theme-home-about-us padding-section-xs\"> <div class=\"container container--full-width\"> <div class=\"flex wrapper-aboutus-home\"> <div> <img decoding=\"async\" loading=\"lazy\" src=\"https:\/\/earthworm.templweb.com\/wp-content\/uploads\/2022\/12\/about_us_vali_shaving.jpg\" width=\"1241\" height=\"632\" alt=\"klassiskt fotomontage av k\u00e4ndisar som rakar sig med rakhyvlar\" class=\"wp-image-229\" srcset=\"https:\/\/earthworm.templweb.com\/wp-content\/uploads\/2022\/12\/about_us_vali_shaving.jpg 881w, https:\/\/earthworm.templweb.com\/wp-content\/uploads\/2022\/12\/about_us_vali_shaving-600x306.jpg 600w, https:\/\/earthworm.templweb.com\/wp-content\/uploads\/2022\/12\/about_us_vali_shaving-500x255.jpg 500w, https:\/\/earthworm.templweb.com\/wp-content\/uploads\/2022\/12\/about_us_vali_shaving-768x391.jpg 768w, https:\/\/earthworm.templweb.com\/wp-content\/uploads\/2022\/12\/about_us_vali_shaving-300x153.jpg 300w\" sizes=\"(max-width: 1241px) 100vw, 1241px\" \/> <\/div> <div> <h2 class=\"heading-card-home\">Om oss<\/h2> <p>Vi tror p\u00e5 att alla skall till ett enkelt, milj\u00f6v\u00e4nligt och ett r\u00e4ttvist pris kunna f\u00f6rb\u00e4ttra sin h\u00e4lsa och hud.  Vi drivs av enkelhet, prisv\u00e4rdhet, respekt och att alla \u00e4r olika &#8211; olika \u00e4r bra.<\/p><a href=\"https:\/\/earthworm.templweb.com\/sv\/om-oss\/\" class=\"main-cta-link\">L\u00e4s mer<\/a> <\/div> <\/div> <\/div> <\/section>\n\n\n\n<section class=\"wp-block-vali-theme-home-testimonials padding-section-xs\"> <div class=\"container container--full-width\"> <div class=\"flex wrapper-testimonial-cards\"> <div class=\"testimonial-card-home\"> <div> <div class=\"wrapper-star-icons\"> <svg xmlns=\"http:\/\/www.w3.org\/2000\/svg\" width=\"24\" height=\"24\" viewbox=\"0 0 24 24\" class=\"star-icon\"> <path d=\"M12 .587l3.668 7.568 8.332 1.151-6.064 5.828 1.48 8.279-7.416-3.967-7.417 3.967 1.481-8.279-6.064-5.828 8.332-1.151z\"><\/path> <\/svg> <svg xmlns=\"http:\/\/www.w3.org\/2000\/svg\" width=\"24\" height=\"24\" viewbox=\"0 0 24 24\" class=\"star-icon\"> <path d=\"M12 .587l3.668 7.568 8.332 1.151-6.064 5.828 1.48 8.279-7.416-3.967-7.417 3.967 1.481-8.279-6.064-5.828 8.332-1.151z\"><\/path> <\/svg> <svg xmlns=\"http:\/\/www.w3.org\/2000\/svg\" width=\"24\" height=\"24\" viewbox=\"0 0 24 24\" class=\"star-icon\"> <path d=\"M12 .587l3.668 7.568 8.332 1.151-6.064 5.828 1.48 8.279-7.416-3.967-7.417 3.967 1.481-8.279-6.064-5.828 8.332-1.151z\"><\/path> <\/svg> <svg xmlns=\"http:\/\/www.w3.org\/2000\/svg\" width=\"24\" height=\"24\" viewbox=\"0 0 24 24\" class=\"star-icon\"> <path d=\"M12 .587l3.668 7.568 8.332 1.151-6.064 5.828 1.48 8.279-7.416-3.967-7.417 3.967 1.481-8.279-6.064-5.828 8.332-1.151z\"><\/path> <\/svg> <svg xmlns=\"http:\/\/www.w3.org\/2000\/svg\" width=\"24\" height=\"24\" viewbox=\"0 0 24 24\" class=\"star-icon\"> <path d=\"M12 .587l3.668 7.568 8.332 1.151-6.064 5.828 1.48 8.279-7.416-3.967-7.417 3.967 1.481-8.279-6.064-5.828 8.332-1.151z\"><\/path> <\/svg> <\/div> <\/div> <p>&#8220;B\u00e4sta rakhyveln, hitills, jag har provat.&#8221;<\/p> <\/div> <div class=\"testimonial-card-home\"> <div> <div class=\"wrapper-star-icons\"> <svg xmlns=\"http:\/\/www.w3.org\/2000\/svg\" width=\"24\" height=\"24\" viewbox=\"0 0 24 24\" class=\"star-icon\"> <path d=\"M12 .587l3.668 7.568 8.332 1.151-6.064 5.828 1.48 8.279-7.416-3.967-7.417 3.967 1.481-8.279-6.064-5.828 8.332-1.151z\"><\/path> <\/svg> <svg xmlns=\"http:\/\/www.w3.org\/2000\/svg\" width=\"24\" height=\"24\" viewbox=\"0 0 24 24\" class=\"star-icon\"> <path d=\"M12 .587l3.668 7.568 8.332 1.151-6.064 5.828 1.48 8.279-7.416-3.967-7.417 3.967 1.481-8.279-6.064-5.828 8.332-1.151z\"><\/path> <\/svg> <svg xmlns=\"http:\/\/www.w3.org\/2000\/svg\" width=\"24\" height=\"24\" viewbox=\"0 0 24 24\" class=\"star-icon\"> <path d=\"M12 .587l3.668 7.568 8.332 1.151-6.064 5.828 1.48 8.279-7.416-3.967-7.417 3.967 1.481-8.279-6.064-5.828 8.332-1.151z\"><\/path> <\/svg> <svg xmlns=\"http:\/\/www.w3.org\/2000\/svg\" width=\"24\" height=\"24\" viewbox=\"0 0 24 24\" class=\"star-icon\"> <path d=\"M12 .587l3.668 7.568 8.332 1.151-6.064 5.828 1.48 8.279-7.416-3.967-7.417 3.967 1.481-8.279-6.064-5.828 8.332-1.151z\"><\/path> <\/svg> <svg xmlns=\"http:\/\/www.w3.org\/2000\/svg\" width=\"24\" height=\"24\" viewbox=\"0 0 24 24\" class=\"star-icon\"> <path d=\"M12 .587l3.668 7.568 8.332 1.151-6.064 5.828 1.48 8.279-7.416-3.967-7.417 3.967 1.481-8.279-6.064-5.828 8.332-1.151z\"><\/path> <\/svg> <\/div> <\/div> <p>\u201dFick min f\u00f6rra veckan! V\u00e4ldigt n\u00f6jd. Super l\u00e4tt att komma in i sj\u00e4lva rakningen,otroligt sk\u00f6n rakning! Kommer nog aldrig byta rakhyvel.&#8221;<\/p> <\/div> <div class=\"testimonial-card-home\"> <div> <div class=\"wrapper-star-icons\"> <svg xmlns=\"http:\/\/www.w3.org\/2000\/svg\" width=\"24\" height=\"24\" viewbox=\"0 0 24 24\" class=\"star-icon\"> <path d=\"M12 .587l3.668 7.568 8.332 1.151-6.064 5.828 1.48 8.279-7.416-3.967-7.417 3.967 1.481-8.279-6.064-5.828 8.332-1.151z\"><\/path> <\/svg> <svg xmlns=\"http:\/\/www.w3.org\/2000\/svg\" width=\"24\" height=\"24\" viewbox=\"0 0 24 24\" class=\"star-icon\"> <path d=\"M12 .587l3.668 7.568 8.332 1.151-6.064 5.828 1.48 8.279-7.416-3.967-7.417 3.967 1.481-8.279-6.064-5.828 8.332-1.151z\"><\/path> <\/svg> <svg xmlns=\"http:\/\/www.w3.org\/2000\/svg\" width=\"24\" height=\"24\" viewbox=\"0 0 24 24\" class=\"star-icon\"> <path d=\"M12 .587l3.668 7.568 8.332 1.151-6.064 5.828 1.48 8.279-7.416-3.967-7.417 3.967 1.481-8.279-6.064-5.828 8.332-1.151z\"><\/path> <\/svg> <svg xmlns=\"http:\/\/www.w3.org\/2000\/svg\" width=\"24\" height=\"24\" viewbox=\"0 0 24 24\" class=\"star-icon\"> <path d=\"M12 .587l3.668 7.568 8.332 1.151-6.064 5.828 1.48 8.279-7.416-3.967-7.417 3.967 1.481-8.279-6.064-5.828 8.332-1.151z\"><\/path> <\/svg> <svg xmlns=\"http:\/\/www.w3.org\/2000\/svg\" width=\"24\" height=\"24\" viewbox=\"0 0 24 24\" class=\"star-icon\"> <path d=\"M12 .587l3.668 7.568 8.332 1.151-6.064 5.828 1.48 8.279-7.416-3.967-7.417 3.967 1.481-8.279-6.064-5.828 8.332-1.151z\"><\/path> <\/svg> <\/div> <\/div> <p>\u201dGrymt bra, skillnaden fr\u00e5n en vanlig rakhyvel \u00e4r som dag och natt.&#8221;<\/p> <\/div> <\/div> <\/div> <\/section>\n","protected":false},"excerpt":{"rendered":"","protected":false},"author":1,"featured_media":0,"parent":0,"menu_order":0,"comment_status":"closed","ping_status":"closed","template":"","meta":{"inline_featured_image":false,"footnotes":""},"meta_box":[],"_links":{"self":[{"href":"https:\/\/earthworm.templweb.com\/sv\/wp-json\/wp\/v2\/pages\/4117"}],"collection":[{"href":"https:\/\/earthworm.templweb.com\/sv\/wp-json\/wp\/v2\/pages"}],"about":[{"href":"https:\/\/earthworm.templweb.com\/sv\/wp-json\/wp\/v2\/types\/page"}],"author":[{"embeddable":true,"href":"https:\/\/earthworm.templweb.com\/sv\/wp-json\/wp\/v2\/users\/1"}],"replies":[{"embeddable":true,"href":"https:\/\/earthworm.templweb.com\/sv\/wp-json\/wp\/v2\/comments?post=4117"}],"version-history":[{"count":25,"href":"https:\/\/earthworm.templweb.com\/sv\/wp-json\/wp\/v2\/pages\/4117\/revisions"}],"predecessor-version":[{"id":4556,"href":"https:\/\/earthworm.templweb.com\/sv\/wp-json\/wp\/v2\/pages\/4117\/revisions\/4556"}],"wp:attachment":[{"href":"https:\/\/earthworm.templweb.com\/sv\/wp-json\/wp\/v2\/media?parent=4117"}],"curies":[{"name":"wp","href":"https:\/\/api.w.org\/{rel}","templated":true}]}}