{"id":4158,"date":"2023-01-04T09:10:41","date_gmt":"2023-01-04T08:10:41","guid":{"rendered":"http:\/\/vali-co-2.local\/kontaka-oss\/"},"modified":"2023-08-05T18:11:45","modified_gmt":"2023-08-05T16:11:45","slug":"kontakt","status":"publish","type":"page","link":"https:\/\/earthworm.templweb.com\/sv\/kontakt\/","title":{"rendered":"Kontaka oss"},"content":{"rendered":"<section class=\"hero-60 wp-block-vali-theme-hero-faq\">\n    <div class=\"hero-background-faq-test\" style=\"background-image: url(https:\/\/earthworm.templweb.com\/wp-content\/uploads\/2023\/01\/hero_bg_contact_us.jpg);background-position:;\">\n        <div class=\"hero-60__inner-container\">\n            <div class=\"faq-hero__wrapper-content flex\">\n                <h1>Kontaka oss<\/h1>\n            <\/div>\n            <p><p>Har du fr\u00e5gor? Vi har svaren. V\u00e5r kontaktsida \u00e4r din v\u00e4g till s\u00f6ml\u00f6s kommunikation med oss. N\u00e5 ut och l\u00e5t oss g\u00f6ra din rakrutin exceptionell.<\/p>\n<\/p>\n                    <\/div>\n    <\/div>\n<\/section>\n<section class=\"wp-block-vali-theme-section-empty padding-section-xxl\"> <div class=\"container\">\n<div class=\"wp-block-columns is-layout-flex wp-container-3 wp-block-columns-is-layout-flex\">\n<div class=\"wp-block-column is-layout-flow wp-block-column-is-layout-flow\" style=\"flex-basis:66.66%\"><div class=\"wpforms-container wpforms-container-full wpforms-block wpforms-block-0bd662f4-bde9-4293-9aa4-196b478e1b24\" id=\"wpforms-3545\"><form id=\"wpforms-form-3545\" class=\"wpforms-validate wpforms-form wpforms-ajax-form\" data-formid=\"3545\" method=\"post\" enctype=\"multipart\/form-data\" action=\"\/sv\/wp-json\/wp\/v2\/pages\/4158\" data-token=\"d2411d5e43c313d9a42e7292a217c393\"><noscript class=\"wpforms-error-noscript\">Aktivera JavaScript i din webbl\u00e4sare f\u00f6r att slutf\u00f6ra detta formul\u00e4r.<\/noscript><div class=\"wpforms-field-container\"><div id=\"wpforms-3545-field_0-container\" class=\"wpforms-field wpforms-field-name\" data-field-id=\"0\"><label class=\"wpforms-field-label\" for=\"wpforms-3545-field_0\">Namn <span class=\"wpforms-required-label\">*<\/span><\/label><input type=\"text\" id=\"wpforms-3545-field_0\" class=\"wpforms-field-large wpforms-field-required\" name=\"wpforms[fields][0]\" required><\/div><div id=\"wpforms-3545-field_1-container\" class=\"wpforms-field wpforms-field-email\" data-field-id=\"1\"><label class=\"wpforms-field-label\" for=\"wpforms-3545-field_1\">Email <span class=\"wpforms-required-label\">*<\/span><\/label><input type=\"email\" id=\"wpforms-3545-field_1\" class=\"wpforms-field-large wpforms-field-required\" name=\"wpforms[fields][1]\" spellcheck=\"false\" required><\/div><div id=\"wpforms-3545-field_2-container\" class=\"wpforms-field wpforms-field-textarea\" data-field-id=\"2\"><label class=\"wpforms-field-label\" for=\"wpforms-3545-field_2\">Meddelande<\/label><textarea id=\"wpforms-3545-field_2\" class=\"wpforms-field-large\" name=\"wpforms[fields][2]\" ><\/textarea><\/div><\/div><!-- .wpforms-field-container --><div class=\"wpforms-recaptcha-container wpforms-is-recaptcha\" ><div class=\"g-recaptcha\" data-sitekey=\"6Lca5YInAAAAALAQ3u0J0w9yjJgSjQiUYhhHOBAA\" data-size=\"invisible\"><\/div><\/div><div class=\"wpforms-submit-container\" ><input type=\"hidden\" name=\"wpforms[id]\" value=\"3545\"><input type=\"hidden\" name=\"wpforms[author]\" value=\"1\"><button type=\"submit\" name=\"wpforms[submit]\" id=\"wpforms-submit-3545\" class=\"wpforms-submit contact-submit\" data-alt-text=\"Skickar...\" data-submit-text=\"Skicka\" aria-live=\"assertive\" value=\"wpforms-submit\">Skicka<\/button><img decoding=\"async\" loading=\"lazy\" src=\"https:\/\/earthworm.templweb.com\/wp-content\/plugins\/wpforms-lite\/assets\/images\/submit-spin.svg\" class=\"wpforms-submit-spinner\" style=\"display: none;\" width=\"26\" height=\"26\" alt=\"Laddar\"><\/div><\/form><\/div>  <!-- .wpforms-container --><\/div>\n\n\n\n<div class=\"wp-block-column is-layout-flow wp-block-column-is-layout-flow\" style=\"flex-basis:33.33%\">\n<h3 class=\"wp-block-heading heading-left-border\">Vali &amp; Co. AB<\/h3>\n\n\n\n<div style=\"height:16px\" aria-hidden=\"true\" class=\"wp-block-spacer\"><\/div>\n\n\n\n<p>Egnahemsv\u00e4gen 21<\/p>\n\n\n\n<p>174 46 Sundbyerg<\/p>\n\n\n\n<p>559240-3835<\/p>\n\n\n\n<p><a href=\"&#109;&#97;&#x69;&#x6c;&#116;&#111;&#x3a;&#x73;&#117;&#112;&#x70;&#x6f;&#114;&#116;&#x40;&#x76;&#97;&#108;&#x69;&#x2e;&#115;&#101;\">support&#64;vali&#46;se<\/a><\/p>\n\n\n\n<p><\/p>\n<\/div>\n<\/div>\n<\/div> <\/section>\n","protected":false},"excerpt":{"rendered":"<p>Har du fr\u00e5gor? Vi har svaren. V\u00e5r kontaktsida \u00e4r din v\u00e4g till s\u00f6ml\u00f6s kommunikation med oss. N\u00e5 ut och l\u00e5t oss g\u00f6ra din rakrutin exceptionell.<\/p>\n","protected":false},"author":1,"featured_media":0,"parent":0,"menu_order":0,"comment_status":"closed","ping_status":"closed","template":"","meta":{"inline_featured_image":false,"footnotes":""},"meta_box":[],"_links":{"self":[{"href":"https:\/\/earthworm.templweb.com\/sv\/wp-json\/wp\/v2\/pages\/4158"}],"collection":[{"href":"https:\/\/earthworm.templweb.com\/sv\/wp-json\/wp\/v2\/pages"}],"about":[{"href":"https:\/\/earthworm.templweb.com\/sv\/wp-json\/wp\/v2\/types\/page"}],"author":[{"embeddable":true,"href":"https:\/\/earthworm.templweb.com\/sv\/wp-json\/wp\/v2\/users\/1"}],"replies":[{"embeddable":true,"href":"https:\/\/earthworm.templweb.com\/sv\/wp-json\/wp\/v2\/comments?post=4158"}],"version-history":[{"count":8,"href":"https:\/\/earthworm.templweb.com\/sv\/wp-json\/wp\/v2\/pages\/4158\/revisions"}],"predecessor-version":[{"id":4881,"href":"https:\/\/earthworm.templweb.com\/sv\/wp-json\/wp\/v2\/pages\/4158\/revisions\/4881"}],"wp:attachment":[{"href":"https:\/\/earthworm.templweb.com\/sv\/wp-json\/wp\/v2\/media?parent=4158"}],"curies":[{"name":"wp","href":"https:\/\/api.w.org\/{rel}","templated":true}]}}