{"id":4503,"date":"2023-04-25T14:19:01","date_gmt":"2023-04-25T12:19:01","guid":{"rendered":"https:\/\/valicompany.com\/terms-and-conditions\/"},"modified":"2023-08-09T12:16:39","modified_gmt":"2023-08-09T10:16:39","slug":"kopvillkor","status":"publish","type":"page","link":"https:\/\/earthworm.templweb.com\/sv\/kopvillkor\/","title":{"rendered":"K\u00f6pvillkor"},"content":{"rendered":"\n<section class=\"wp-block-vali-theme-section-empty\"> <div class=\"container\">\n<h1 class=\"wp-block-heading\">K\u00f6pvillkor<\/h1>\n\n\n\n<h2 class=\"wp-block-heading\">Allm\u00e4nna k\u00f6p- och leveransvillkor<\/h2>\n\n\n\n<div style=\"height:20px\" aria-hidden=\"true\" class=\"wp-block-spacer\"><\/div>\n\n\n\n<h3 class=\"wp-block-heading kopvillkor_heading has-medium-font-size\">ALLM\u00c4NT<\/h3>\n\n\n\n<p>Dessa f\u00f6rs\u00e4ljningsvillkor till\u00e4mpas mellan S\u00e4ljaren (Vali &amp; Co. AB) och K\u00f6paren g\u00e4llande f\u00f6rs\u00e4ljning, leveranser, olika former av service och ansvarsfr\u00e5gor.<\/p>\n\n\n\n<h3 class=\"wp-block-heading kopvillkor_heading has-medium-font-size\">PORTO- OCH FRAKTAVGIFT<\/h3>\n\n\n\n<p>Frifrakt p\u00e5 ordrar \u00f6ver 249 SEK som skickas med Postnord Varubrev. \u00d6vriga best\u00e4llningar debiteras en fraktavgift mellan 19-49 SEK beroende p\u00e5 val av frakts\u00e4tt.<\/p>\n\n\n\n<h3 class=\"wp-block-heading kopvillkor_heading has-medium-font-size\">FRAKTS\u00c4TT<\/h3>\n\n\n\n<p>Best\u00e4llningar kan skickas med antingen Postnord varubrev eller DHL service point.  Du f\u00e5r en bekr\u00e4ftelse via mail p\u00e5 att vi mottagit ordern samt skickat den. Avisering om n\u00e4r ditt paket \u00e4r framme hos n\u00e4rmaste utl\u00e4mningsst\u00e4lle sker via epost eller SMS (om du fyllt i ditt mobilnummer i kassan). <\/p>\n\n\n\n<h3 class=\"wp-block-heading kopvillkor_heading has-medium-font-size\">OUTL\u00d6ST PAKET<\/h3>\n\n\n\n<p>Vid outl\u00f6st paket har Vali &amp; Co. AB r\u00e4tten att debitera 150 kr. Paketet ligger kvar i utl\u00e4mningsst\u00e4llet i 14 dagar ifr\u00e5n att det skickas fr\u00e5n Vali &amp; Co. AB lager, s\u00e5 du har gott om tid att h\u00e4mta ut det. T\u00e4nk p\u00e5 att om du best\u00e4ller via faktura s\u00e5 l\u00f6per fakturatiden \u00e4ven om du inte h\u00e4mtat ut paketet.<\/p>\n\n\n\n<h3 class=\"wp-block-heading kopvillkor_heading has-medium-font-size\">BETALNINGSVILLKOR<\/h3>\n\n\n\n<p>Du kan v\u00e4lja att betala med:<\/p>\n\n\n\n<p class=\"break-word\"><strong>Swish<\/strong>. F\u00f6r mer information g\u00e4llande villkoren f\u00f6r Swish, se: <a rel=\"noreferrer noopener\" href=\"https:\/\/www.nordea.se\/Images\/39-14437\/swish-villkor.pdf\" target=\"_blank\">https:\/\/www.nordea.se\/Images\/39-14437\/swish-villkor.pdf<\/a><\/p>\n\n\n\n<p class=\"break-word\"><strong>Klarna<\/strong>. F\u00f6r mer information g\u00e4llande villkoren f\u00f6r Klarna, se:  <a rel=\"noreferrer noopener nofollow\" aria-label=\" (\u00f6ppnas i en ny flik)\" href=\"https:\/\/www.klarna.com\/se\/villkor\/\" target=\"_blank\">https:\/\/www.klarna.com\/se\/villkor\/<\/a><\/p>\n\n\n\n<p class=\"break-word\"><strong>Kontokort (Stripe).<\/strong> F\u00f6r mer information g\u00e4llande villkoren f\u00f6r Stripe, se: <a rel=\"noreferrer noopener\" href=\"https:\/\/stripe.com\/en-se\/ssa\" target=\"_blank\">https:\/\/stripe.com\/en-se\/ssa<\/a><\/p>\n\n\n\n<p class=\"break-word\"><strong>PayPal. <\/strong>F\u00f6r mer information g\u00e4llande villkoren f\u00f6r PayPal, se: <a href=\"https:\/\/www.paypal.com\/us\/webapps\/mpp\/ua\/useragreement-full\" target=\"_blank\" rel=\"noreferrer noopener\">https:\/\/www.paypal.com\/us\/webapps\/mpp\/ua\/useragreement-full<\/a><\/p>\n\n\n\n<h3 class=\"wp-block-heading kopvillkor_heading has-medium-font-size\">MEDLEMSKAP, INTEGRITET OCH PERSONUPPGIFTSREGISTER<\/h3>\n\n\n\n<p>N\u00e4r du som medlem och kund fyller i dina personuppgifter godk\u00e4nner du att dessa uppgifter registreras och anv\u00e4nds av Vali &amp; Co. AB. Uppgifterna \u00e4r n\u00f6dv\u00e4ndiga f\u00f6r att Vali &amp; Co. AB ska kunna ge b\u00e4sta service, f\u00f6r kontakt och leverans av varor. I samband med din registrering och\/eller best\u00e4llning godk\u00e4nner du att vi lagrar och anv\u00e4nder dina uppgifter i v\u00e5r verksamhet f\u00f6r att fullf\u00f6lja och tillhandah\u00e5lla den service som du kan f\u00f6rv\u00e4nta dig av oss. Enligt PUL (personuppgiftslagen) har du r\u00e4tt att f\u00e5 den information som vi har registrerat p\u00e5 dig. Om du anser den vara felaktig eller irrelevant kan du beg\u00e4ra r\u00e4ttelse eller borttagning ur v\u00e5rt kundregister. Kontakta g\u00e4rna v\u00e5r kundservice s\u00e5 hj\u00e4lper vi dig. L\u00e4s v\u00e5r integritetspolicy p\u00e5 denna <a href=\"https:\/\/earthworm.templweb.com\/sv\/privacy-statement-eu\/\" data-type=\"page\" data-id=\"4154\">l\u00e4nk<\/a>.<\/p>\n\n\n\n<h3 class=\"wp-block-heading kopvillkor_heading has-medium-font-size\">\u00c5NGERR\u00c4TT OCH RETURR\u00c4TT<\/h3>\n\n\n\n<p>Du har full returr\u00e4tt inom 14 dagar ifr\u00e5n att varorna mottagits. Varorna skall vara oanv\u00e4nda och i obrutna f\u00f6rpackningar. \u00c5terbetalning sker endast d\u00e5 varorna returnerats i helt skick. Ers\u00e4ttningens maximala belopp motsvarar priset p\u00e5 det returnerade parti som returnerats exklusive porto och eventuella betalningsavgifter. Vali &amp; Co. AB \u00e5terbetalar summan inom 30 dagar. Observera: vid byte eller \u00e5terbetalning skall kontakt med Vali &amp; Co. AB alltid utf\u00f6ras. Returen \u00e4r godk\u00e4nd d\u00e5 varan har inspekterats av v\u00e5r personal.<\/p>\n\n\n\n<h3 class=\"wp-block-heading kopvillkor_heading has-medium-font-size\">REKLAMATIONER<\/h3>\n\n\n\n<p>Eventuella reklamationer m\u00e5ste g\u00f6ras inom 14 dygn fr\u00e5n fakturans datum. Reklamationer ang\u00e5ende leveranser och produkter g\u00f6rs till <a href=\"&#109;&#x61;i&#108;&#x74;o&#58;&#x73;u&#x70;&#x70;&#111;&#x72;t&#64;&#x76;a&#108;&#x69;&#46;&#x73;&#x65;\">&#x73;&#x75;&#112;&#112;or&#x74;&#x40;&#x76;&#97;li&#x2e;&#x73;&#x65;<\/a>. En produkt kan endast reklameras vid fabrikationsfel. Reklamera varan direkt efter att fel uppt\u00e4ckts s\u00e5 skickar Vali &amp; Co. AB en ny, felfri vara. Kan felet inte avhj\u00e4lpas kommer \u00e5terbetalning att ske. Vid reklamation st\u00e5r k\u00f6paren f\u00f6r kostnaden f\u00f6r retur till v\u00e5rt lager. N\u00e4r varan inspekterats av v\u00e5r personal, och felet konstaterats, kommer vi att \u00e5terbetala kostnaden f\u00f6r returportot. Vi \u00e5terbetalar summan inom 30 dagar.<\/p>\n\n\n\n<p>Returadress:<br>Vali &amp; Co. AB<br>Egnahemsv\u00e4gen 21<br>174 46 Sundbyberg<br>SE Sverige<\/p>\n\n\n\n<h3 class=\"wp-block-heading kopvillkor_heading has-medium-font-size\">\u00c4NDRING AV ADRESSER OCH KONTAKTUPPGIFTER<\/h3>\n\n\n\n<p>G\u00e4llande eventuella \u00e4ndringar som har att g\u00f6ra med: leverans och kontaktuppgifter, fakturerings- och leveransadresser, samt \u00f6vriga funktioner som p\u00e5verkar direkt eller indirekt p\u00e5 kraven som st\u00e4lls p\u00e5 S\u00e4ljaren f\u00f6r att fullf\u00f6lja \u00f6verenskomna leveranskrav, \u00e4r K\u00f6paren skyldig att informera S\u00e4ljaren omedelbart. S\u00e4ljaren ansvarar icke f\u00f6r skador som uppkommit till f\u00f6ljd av att K\u00f6paren f\u00f6rsummat sitt ansvar att ge ut tillr\u00e4cklig information.<\/p>\n\n\n\n<h3 class=\"wp-block-heading kopvillkor_heading has-medium-font-size\">LEVERANSVILLKOR<\/h3>\n\n\n\n<p>Normal form av leverans \u00e4r leverans enligt best\u00e4llning. S\u00e4ljarens normala leveranstid \u00e4r 2-5 vardagar efter best\u00e4llning, om det inte s\u00e4rskilt har \u00f6verenskommits om en viss best\u00e4md leveranstid. Ifall att det r\u00e5der extrem stor tillf\u00e4llig efterfr\u00e5gan eller ovanliga v\u00e4derleksf\u00f6rh\u00e5llanden kan leveranstiden bli l\u00e4ngre \u00e4n normalt. K\u00f6paren ansvarar f\u00f6r att framkomligheten till leveransst\u00e4llet \u00e4r tillr\u00e4ckligt god. Om man inte kan komma tryggt fram till leveranspunkten har S\u00e4ljaren r\u00e4tt att l\u00e5ta bli att leverera.<\/p>\n\n\n\n<h3 class=\"wp-block-heading kopvillkor_heading has-medium-font-size\">ANSVARSBEGR\u00c4NSNING<\/h3>\n\n\n\n<p>Vali &amp; Co. AB ansvarar f\u00f6r direkta kostnader som uppkommit p\u00e5 grund av att felaktig vara har levererats eller spruckit p\u00e5 grund av underm\u00e5lig emballage vid leverans. Ers\u00e4ttningens maximala belopp motsvarar priset p\u00e5 det parti som \u00e4r felaktigt eller f\u00f6rst\u00f6rts under transport. Vali &amp; Co. AB ansvarar inte f\u00f6r skador som orsakats av att K\u00f6paren har uppgett felaktig eller bristf\u00e4llig information eller gjort fel vid best\u00e4llning (fel produkt). N\u00e4r varan har l\u00e4mnat v\u00e5rt lager \u00f6verg\u00e5r leveransansvaret till fraktbolaget som levererar ordern inom utsatt tid f\u00f6r valt frakts\u00e4tt. Vali &amp; Co. AB ansvarar inte f\u00f6r skadan hos K\u00f6parens produkt eller ifall att produkten har f\u00f6rvarats felaktigt av K\u00f6paren eller om felet har f\u00f6rorsakats av att produkten har blandats med annan \u00e4n S\u00e4ljarens vara hos anv\u00e4ndningsobjektet. Vali &amp; Co. AB reserverar sig ocks\u00e5 f\u00f6r att felaktig information har angivits i fakturor p\u00e5 grund av stavningsfel eller dylikt.<\/p>\n\n\n\n<h3 class=\"wp-block-heading kopvillkor_heading has-medium-font-size\">\u00c4NDRINGAR AV VILLKOR<\/h3>\n\n\n\n<p>Du kan granska den senaste versionen av anv\u00e4ndarvillkoren n\u00e4r som helst p\u00e5 den h\u00e4r sidan.<\/p>\n\n\n\n<p>Vi f\u00f6rbeh\u00e5ller oss r\u00e4tten att efter eget godtycke uppdatera, \u00e4ndra eller ers\u00e4tta n\u00e5gon del av dessa anv\u00e4ndarvillkor genom att publicera uppdateringar och \u00e4ndringar p\u00e5 v\u00e5r webbplats. Det \u00e4r ditt ansvar att regelbundet kontrollera v\u00e5r webbplats f\u00f6r \u00e4ndringar. Din fortsatta anv\u00e4ndning av eller \u00e5tkomst till v\u00e5r webbplats eller tj\u00e4nsten efter att eventuella \u00e4ndringar har publicerats i dessa anv\u00e4ndarvillkor inneb\u00e4r att du accepterar dessa \u00e4ndringar.<\/p>\n<\/div> <\/section>\n","protected":false},"excerpt":{"rendered":"","protected":false},"author":1,"featured_media":0,"parent":0,"menu_order":0,"comment_status":"closed","ping_status":"closed","template":"","meta":{"inline_featured_image":false,"footnotes":""},"meta_box":[],"_links":{"self":[{"href":"https:\/\/earthworm.templweb.com\/sv\/wp-json\/wp\/v2\/pages\/4503"}],"collection":[{"href":"https:\/\/earthworm.templweb.com\/sv\/wp-json\/wp\/v2\/pages"}],"about":[{"href":"https:\/\/earthworm.templweb.com\/sv\/wp-json\/wp\/v2\/types\/page"}],"author":[{"embeddable":true,"href":"https:\/\/earthworm.templweb.com\/sv\/wp-json\/wp\/v2\/users\/1"}],"replies":[{"embeddable":true,"href":"https:\/\/earthworm.templweb.com\/sv\/wp-json\/wp\/v2\/comments?post=4503"}],"version-history":[{"count":6,"href":"https:\/\/earthworm.templweb.com\/sv\/wp-json\/wp\/v2\/pages\/4503\/revisions"}],"predecessor-version":[{"id":4918,"href":"https:\/\/earthworm.templweb.com\/sv\/wp-json\/wp\/v2\/pages\/4503\/revisions\/4918"}],"wp:attachment":[{"href":"https:\/\/earthworm.templweb.com\/sv\/wp-json\/wp\/v2\/media?parent=4503"}],"curies":[{"name":"wp","href":"https:\/\/api.w.org\/{rel}","templated":true}]}}