{"id":4083,"date":"2023-01-07T09:24:40","date_gmt":"2023-01-07T08:24:40","guid":{"rendered":"http:\/\/vali-co-2.local\/products\/dubbelrakblad\/"},"modified":"2023-07-17T21:37:50","modified_gmt":"2023-07-17T19:37:50","slug":"dubbelrakblad","status":"publish","type":"product","link":"https:\/\/earthworm.templweb.com\/sv\/produkter\/dubbelrakblad\/","title":{"rendered":"Dubbelrakblad"},"content":{"rendered":"","protected":false},"excerpt":{"rendered":"<p><em>Av svenskt st\u00e5l f\u00f6r optimal sk\u00e4rpa.<\/em><\/p>\n<p>Utvecklade f\u00f6r att glida \u00f6ver din hud med minimal friktion och sk\u00e4ra p\u00e5 hudniv\u00e5 f\u00f6r att hj\u00e4lpa till att f\u00f6rhindra rakfinnar efter rakning.<\/p>\n<ul>\n<li>Perfekt f\u00f6rh\u00e5llande mellan sk\u00e4rpa och komfort.<\/li>\n<li>Tunna kanter f\u00f6r en mjuk rakning utan att dra och riva p\u00e5 h\u00e5ret.<\/li>\n<li>Tunt lager av platinakrom f\u00f6r extra komfort och h\u00e5llbarhet.<\/li>\n<li>Ett bra val f\u00f6r den som letar efter ett prisv\u00e4rt blad som inte \u00e4r f\u00f6r aggressivt eller sl\u00f6.<\/li>\n<li>10st rakblad i varje f\u00f6rpackning.<\/li>\n<\/ul>\n<p>Passar alla Vali rakhyvlar.<\/p>\n","protected":false},"featured_media":4302,"comment_status":"open","ping_status":"closed","template":"","meta":{"inline_featured_image":false},"product_cat":[173,175],"product_tag":[179],"meta_box":{"parcel_dimensions":"16 x 10 x 3 cm","available_transport_companies":[{"width":150,"height":30,"file":"2023\/01\/postnord_logo-1.png","filesize":2669,"sizes":{"woocommerce_gallery_thumbnail":{"file":"postnord_logo-1-100x30.png","width":100,"height":30,"mime-type":"image\/png","filesize":1436,"url":"https:\/\/earthworm.templweb.com\/wp-content\/uploads\/2023\/01\/postnord_logo-1-100x30.png"}},"image_meta":{"aperture":"0","credit":"","camera":"","caption":"","created_timestamp":"0","copyright":"","focal_length":"0","iso":"0","shutter_speed":"0","title":"","orientation":"0","keywords":[]},"ID":"4773","name":"postnord_logo-1.png","path":"\/home\/user_2072\/wordpress_staging\/wp-content\/uploads\/2023\/01\/postnord_logo-1.png","url":"https:\/\/earthworm.templweb.com\/wp-content\/uploads\/2023\/01\/postnord_logo-1.png","full_url":"https:\/\/earthworm.templweb.com\/wp-content\/uploads\/2023\/01\/postnord_logo-1.png","title":"","caption":"","description":"","alt":"postnord logo","srcset":false},{"width":136,"height":30,"file":"2023\/01\/dhl-logo.png","filesize":4387,"sizes":{"woocommerce_gallery_thumbnail":{"file":"dhl-logo-100x30.png","width":100,"height":30,"mime-type":"image\/png","filesize":2828,"url":"https:\/\/earthworm.templweb.com\/wp-content\/uploads\/2023\/01\/dhl-logo-100x30.png"}},"image_meta":{"aperture":"0","credit":"","camera":"","caption":"","created_timestamp":"0","copyright":"","focal_length":"0","iso":"0","shutter_speed":"0","title":"","orientation":"0","keywords":[]},"ID":"4070","name":"dhl-logo.png","path":"\/home\/user_2072\/wordpress_staging\/wp-content\/uploads\/2023\/01\/dhl-logo.png","url":"https:\/\/earthworm.templweb.com\/wp-content\/uploads\/2023\/01\/dhl-logo.png","full_url":"https:\/\/earthworm.templweb.com\/wp-content\/uploads\/2023\/01\/dhl-logo.png","title":"","caption":"","description":"","alt":"dhl logo","srcset":false}],"countries":[],"ingredients":"","usage":""},"_links":{"self":[{"href":"https:\/\/earthworm.templweb.com\/sv\/wp-json\/wp\/v2\/product\/4083"}],"collection":[{"href":"https:\/\/earthworm.templweb.com\/sv\/wp-json\/wp\/v2\/product"}],"about":[{"href":"https:\/\/earthworm.templweb.com\/sv\/wp-json\/wp\/v2\/types\/product"}],"replies":[{"embeddable":true,"href":"https:\/\/earthworm.templweb.com\/sv\/wp-json\/wp\/v2\/comments?post=4083"}],"wp:featuredmedia":[{"embeddable":true,"href":"https:\/\/earthworm.templweb.com\/sv\/wp-json\/wp\/v2\/media\/4302"}],"wp:attachment":[{"href":"https:\/\/earthworm.templweb.com\/sv\/wp-json\/wp\/v2\/media?parent=4083"}],"wp:term":[{"taxonomy":"product_cat","embeddable":true,"href":"https:\/\/earthworm.templweb.com\/sv\/wp-json\/wp\/v2\/product_cat?post=4083"},{"taxonomy":"product_tag","embeddable":true,"href":"https:\/\/earthworm.templweb.com\/sv\/wp-json\/wp\/v2\/product_tag?post=4083"}],"curies":[{"name":"wp","href":"https:\/\/api.w.org\/{rel}","templated":true}]}}