{"id":4187,"date":"2023-01-07T09:24:39","date_gmt":"2023-01-07T08:24:39","guid":{"rendered":"http:\/\/vali-co-2.local\/products\/rakkram\/"},"modified":"2023-07-17T21:38:32","modified_gmt":"2023-07-17T19:38:32","slug":"rakkram","status":"publish","type":"product","link":"https:\/\/earthworm.templweb.com\/sv\/produkter\/rakkram\/","title":{"rendered":"Rakkr\u00e4m"},"content":{"rendered":"","protected":false},"excerpt":{"rendered":"<p><em>Inget sl\u00e5r ett bra l\u00f6dder.<\/em><\/p>\n<p>Skapar ett \u00e5terfuktande och skyddande lager av rakl\u00f6dder som g\u00f6r att din rakhyvel glider silkeslent, vilket f\u00f6rhindrar drag &amp; riv, sk\u00e4rs\u00e5r och rakfinnar.<\/p>\n<ul>\n<li>Skapar ett rikt och skummande l\u00f6dder som lyfter h\u00e5ret, \u00e5terfuktar och reparerar huden.<\/li>\n<li>Ger ett bra glid mellan rakblad och hud f\u00f6r enkla och s\u00e4kra str\u00e5k.<\/li>\n<li>Endast milt doftsatt med naturlig lavendelolja.<\/li>\n<li>100ml<\/li>\n<\/ul>\n<p>Anv\u00e4nd med Vali rakborste f\u00f6r b\u00e4sta effekt.<\/p>\n","protected":false},"featured_media":4322,"comment_status":"open","ping_status":"closed","template":"","meta":{"inline_featured_image":false},"product_cat":[173],"product_tag":[179],"meta_box":{"parcel_dimensions":"19 x 18 x 5 cm","available_transport_companies":[{"width":150,"height":30,"file":"2023\/01\/postnord_logo.png","filesize":2669,"sizes":{"woocommerce_gallery_thumbnail":{"file":"postnord_logo-100x30.png","width":100,"height":30,"mime-type":"image\/png","filesize":1436,"url":"https:\/\/earthworm.templweb.com\/wp-content\/uploads\/2023\/01\/postnord_logo-100x30.png"}},"image_meta":{"aperture":"0","credit":"","camera":"","caption":"","created_timestamp":"0","copyright":"","focal_length":"0","iso":"0","shutter_speed":"0","title":"","orientation":"0","keywords":[]},"ID":"4068","name":"postnord_logo.png","path":"\/home\/user_2072\/wordpress_staging\/wp-content\/uploads\/2023\/01\/postnord_logo.png","url":"https:\/\/earthworm.templweb.com\/wp-content\/uploads\/2023\/01\/postnord_logo.png","full_url":"https:\/\/earthworm.templweb.com\/wp-content\/uploads\/2023\/01\/postnord_logo.png","title":"","caption":"","description":"","alt":"postnord logo","srcset":false},{"width":136,"height":30,"file":"2023\/01\/dhl-logo.png","filesize":4387,"sizes":{"woocommerce_gallery_thumbnail":{"file":"dhl-logo-100x30.png","width":100,"height":30,"mime-type":"image\/png","filesize":2828,"url":"https:\/\/earthworm.templweb.com\/wp-content\/uploads\/2023\/01\/dhl-logo-100x30.png"}},"image_meta":{"aperture":"0","credit":"","camera":"","caption":"","created_timestamp":"0","copyright":"","focal_length":"0","iso":"0","shutter_speed":"0","title":"","orientation":"0","keywords":[]},"ID":"4070","name":"dhl-logo.png","path":"\/home\/user_2072\/wordpress_staging\/wp-content\/uploads\/2023\/01\/dhl-logo.png","url":"https:\/\/earthworm.templweb.com\/wp-content\/uploads\/2023\/01\/dhl-logo.png","full_url":"https:\/\/earthworm.templweb.com\/wp-content\/uploads\/2023\/01\/dhl-logo.png","title":"","caption":"","description":"","alt":"dhl logo","srcset":false}],"countries":["Sweden"],"ingredients":"Water (Aqua), Stearic Acid, Glycerin, Sodium Lauroyl Sarcosinate, Myristic Acid, Potassium Hydroxide, Lauric Acid, Palmitic acid, Beheyl behenate,Glyceryl myristate, PEG-2 Distearate, Cocamide Mea, Fragrance (Parfum), Phenoxyethanol, Hydroxyethylcellulose, Chlorphenesin, Disodium EDTA, Aloe Barbadensis Leaf Extract.","usage":"<p>F\u00f6rdela lite rakkr\u00e4m i ansiktet eller l\u00e4gg p\u00e5 en fuktig rakborste. Applicera sedan p\u00e5 huden med cirkul\u00e4ra r\u00f6relser. H\u00e4ll n\u00e5gra extra droppar vatten p\u00e5 rakborsten om l\u00f6ddret \u00e4r f\u00f6r h\u00e5rt. P\u00e5b\u00f6rja rakningen n\u00e4r du k\u00e4nner att l\u00f6ddret \u00e4r tillr\u00e4ckligt fluffigt och mjukt.<\/p>\n<p>L\u00e4s alltid inneh\u00e5llsf\u00f6rteckningen och testa i sm\u00e5 m\u00e4ngder innan rakning f\u00f6r att kontrollera om allergireaktion uppst\u00e5r.<\/p>\n"},"_links":{"self":[{"href":"https:\/\/earthworm.templweb.com\/sv\/wp-json\/wp\/v2\/product\/4187"}],"collection":[{"href":"https:\/\/earthworm.templweb.com\/sv\/wp-json\/wp\/v2\/product"}],"about":[{"href":"https:\/\/earthworm.templweb.com\/sv\/wp-json\/wp\/v2\/types\/product"}],"replies":[{"embeddable":true,"href":"https:\/\/earthworm.templweb.com\/sv\/wp-json\/wp\/v2\/comments?post=4187"}],"wp:featuredmedia":[{"embeddable":true,"href":"https:\/\/earthworm.templweb.com\/sv\/wp-json\/wp\/v2\/media\/4322"}],"wp:attachment":[{"href":"https:\/\/earthworm.templweb.com\/sv\/wp-json\/wp\/v2\/media?parent=4187"}],"wp:term":[{"taxonomy":"product_cat","embeddable":true,"href":"https:\/\/earthworm.templweb.com\/sv\/wp-json\/wp\/v2\/product_cat?post=4187"},{"taxonomy":"product_tag","embeddable":true,"href":"https:\/\/earthworm.templweb.com\/sv\/wp-json\/wp\/v2\/product_tag?post=4187"}],"curies":[{"name":"wp","href":"https:\/\/api.w.org\/{rel}","templated":true}]}}