{"id":4191,"date":"2023-01-07T09:24:39","date_gmt":"2023-01-07T08:24:39","guid":{"rendered":"http:\/\/vali-co-2.local\/products\/freya-rakpaket\/"},"modified":"2023-07-30T11:55:53","modified_gmt":"2023-07-30T09:55:53","slug":"freya-rakpaket","status":"publish","type":"product","link":"https:\/\/earthworm.templweb.com\/sv\/produkter\/freya-rakpaket\/","title":{"rendered":"Freya Rakpaket"},"content":{"rendered":"","protected":false},"excerpt":{"rendered":"<p><em>Allt du beh\u00f6ver till en rakning du kommer \u00e4lska utan irritation.<\/em><\/p>\n<p>Med bara ett enda rakblad ger v\u00e5r s\u00e4kerhetshyvel en n\u00e4ra rakning utan drag och riv, \u00e4ven f\u00f6r oss som med gr\u00f6vre h\u00e5rstr\u00e5n. Byggd och designad f\u00f6r att ge precis r\u00e4tt m\u00e4ngd tryck &#8211; f\u00f6r en framtid fri fr\u00e5n irriterad hud och rakfinnar.<\/p>\n<p>Sn\u00e4ll, b\u00e5de f\u00f6r dig och v\u00e5r planet.<\/p>\n<ul>\n<li>F\u00e4rre rakblad = Mindre irritation<\/li>\n<li>Zero-Waste, rakhyvel i metall och rakblad av inget annat \u00e4n st\u00e5l. Kan \u00e5tervinnas till 100%.<\/li>\n<li>Sn\u00e4ll mot pl\u00e5nboken, rakblad uppemot 90% billigare \u00e4n vanliga rakblad till multibladsrakhyvlar.<\/li>\n<li>Sk\u00f6n tyngd och v\u00e4lbalanserad f\u00f6r att anv\u00e4ndas med l\u00e4tt hand, utan att applicera on\u00f6digt tryck mot huden.<\/li>\n<\/ul>\n","protected":false},"featured_media":4036,"comment_status":"open","ping_status":"closed","template":"","meta":{"inline_featured_image":false},"product_cat":[175],"product_tag":[181],"meta_box":{"parcel_dimensions":"19 x 18 x 5 cm","available_transport_companies":[{"width":150,"height":30,"file":"2023\/01\/postnord_logo.png","filesize":2669,"sizes":{"woocommerce_gallery_thumbnail":{"file":"postnord_logo-100x30.png","width":100,"height":30,"mime-type":"image\/png","filesize":1436,"url":"https:\/\/earthworm.templweb.com\/wp-content\/uploads\/2023\/01\/postnord_logo-100x30.png"}},"image_meta":{"aperture":"0","credit":"","camera":"","caption":"","created_timestamp":"0","copyright":"","focal_length":"0","iso":"0","shutter_speed":"0","title":"","orientation":"0","keywords":[]},"ID":"4068","name":"postnord_logo.png","path":"\/home\/user_2072\/wordpress_staging\/wp-content\/uploads\/2023\/01\/postnord_logo.png","url":"https:\/\/earthworm.templweb.com\/wp-content\/uploads\/2023\/01\/postnord_logo.png","full_url":"https:\/\/earthworm.templweb.com\/wp-content\/uploads\/2023\/01\/postnord_logo.png","title":"","caption":"","description":"","alt":"postnord logo","srcset":false},{"width":136,"height":30,"file":"2023\/01\/dhl-logo.png","filesize":4387,"sizes":{"woocommerce_gallery_thumbnail":{"file":"dhl-logo-100x30.png","width":100,"height":30,"mime-type":"image\/png","filesize":2828,"url":"https:\/\/earthworm.templweb.com\/wp-content\/uploads\/2023\/01\/dhl-logo-100x30.png"}},"image_meta":{"aperture":"0","credit":"","camera":"","caption":"","created_timestamp":"0","copyright":"","focal_length":"0","iso":"0","shutter_speed":"0","title":"","orientation":"0","keywords":[]},"ID":"4070","name":"dhl-logo.png","path":"\/home\/user_2072\/wordpress_staging\/wp-content\/uploads\/2023\/01\/dhl-logo.png","url":"https:\/\/earthworm.templweb.com\/wp-content\/uploads\/2023\/01\/dhl-logo.png","full_url":"https:\/\/earthworm.templweb.com\/wp-content\/uploads\/2023\/01\/dhl-logo.png","title":"","caption":"","description":"","alt":"dhl logo","srcset":false}],"countries":["Sweden"],"ingredients":"","usage":""},"_links":{"self":[{"href":"https:\/\/earthworm.templweb.com\/sv\/wp-json\/wp\/v2\/product\/4191"}],"collection":[{"href":"https:\/\/earthworm.templweb.com\/sv\/wp-json\/wp\/v2\/product"}],"about":[{"href":"https:\/\/earthworm.templweb.com\/sv\/wp-json\/wp\/v2\/types\/product"}],"replies":[{"embeddable":true,"href":"https:\/\/earthworm.templweb.com\/sv\/wp-json\/wp\/v2\/comments?post=4191"}],"wp:featuredmedia":[{"embeddable":true,"href":"https:\/\/earthworm.templweb.com\/sv\/wp-json\/wp\/v2\/media\/4036"}],"wp:attachment":[{"href":"https:\/\/earthworm.templweb.com\/sv\/wp-json\/wp\/v2\/media?parent=4191"}],"wp:term":[{"taxonomy":"product_cat","embeddable":true,"href":"https:\/\/earthworm.templweb.com\/sv\/wp-json\/wp\/v2\/product_cat?post=4191"},{"taxonomy":"product_tag","embeddable":true,"href":"https:\/\/earthworm.templweb.com\/sv\/wp-json\/wp\/v2\/product_tag?post=4191"}],"curies":[{"name":"wp","href":"https:\/\/api.w.org\/{rel}","templated":true}]}}