{"id":4208,"date":"2023-01-07T09:24:39","date_gmt":"2023-01-07T08:24:39","guid":{"rendered":"http:\/\/vali-co-2.local\/products\/rakstall\/"},"modified":"2023-07-17T21:38:25","modified_gmt":"2023-07-17T19:38:25","slug":"rakstall","status":"publish","type":"product","link":"https:\/\/earthworm.templweb.com\/sv\/produkter\/rakstall\/","title":{"rendered":"Rakst\u00e4ll"},"content":{"rendered":"","protected":false},"excerpt":{"rendered":"<p><em>Hj\u00e4lper till att torka din rakhyvel efter rakning.<\/em><\/p>\n<p>Rakst\u00e4llet passar v\u00e5r svarta s\u00e4kerhetshyvel samt rakborste.<\/p>\n<p>V\u00e4ger ca 230 gram och tillverkas i rostfritt st\u00e5l och svart ebenholtsimitation. F\u00f6rutom att se v\u00e4ldigt bra ut, s\u00e4gs ett rakst\u00e4ll \u00e4ven vara bra f\u00f6r att f\u00f6rl\u00e4nga livsl\u00e4ngden hos en rakborste d\u00e5 rakborsten f\u00e5r h\u00e4nga upp och ner och torka.<\/p>\n<p>OBS! Bilden ovanf\u00f6r visar rakhyvel och rakborste endast i illustrativt syfte. Ing\u00e5r ej tillsammans med denna produkt.<\/p>\n","protected":false},"featured_media":4315,"comment_status":"open","ping_status":"closed","template":"","meta":{"inline_featured_image":false},"product_cat":[173],"product_tag":[179],"meta_box":{"parcel_dimensions":"18 x 13 x 12 cm","available_transport_companies":[{"width":150,"height":30,"file":"2023\/01\/postnord_logo.png","filesize":2669,"sizes":{"woocommerce_gallery_thumbnail":{"file":"postnord_logo-100x30.png","width":100,"height":30,"mime-type":"image\/png","filesize":1436,"url":"https:\/\/earthworm.templweb.com\/wp-content\/uploads\/2023\/01\/postnord_logo-100x30.png"}},"image_meta":{"aperture":"0","credit":"","camera":"","caption":"","created_timestamp":"0","copyright":"","focal_length":"0","iso":"0","shutter_speed":"0","title":"","orientation":"0","keywords":[]},"ID":"4068","name":"postnord_logo.png","path":"\/home\/user_2072\/wordpress_staging\/wp-content\/uploads\/2023\/01\/postnord_logo.png","url":"https:\/\/earthworm.templweb.com\/wp-content\/uploads\/2023\/01\/postnord_logo.png","full_url":"https:\/\/earthworm.templweb.com\/wp-content\/uploads\/2023\/01\/postnord_logo.png","title":"","caption":"","description":"","alt":"postnord logo","srcset":false},{"width":136,"height":30,"file":"2023\/01\/dhl-logo.png","filesize":4387,"sizes":{"woocommerce_gallery_thumbnail":{"file":"dhl-logo-100x30.png","width":100,"height":30,"mime-type":"image\/png","filesize":2828,"url":"https:\/\/earthworm.templweb.com\/wp-content\/uploads\/2023\/01\/dhl-logo-100x30.png"}},"image_meta":{"aperture":"0","credit":"","camera":"","caption":"","created_timestamp":"0","copyright":"","focal_length":"0","iso":"0","shutter_speed":"0","title":"","orientation":"0","keywords":[]},"ID":"4070","name":"dhl-logo.png","path":"\/home\/user_2072\/wordpress_staging\/wp-content\/uploads\/2023\/01\/dhl-logo.png","url":"https:\/\/earthworm.templweb.com\/wp-content\/uploads\/2023\/01\/dhl-logo.png","full_url":"https:\/\/earthworm.templweb.com\/wp-content\/uploads\/2023\/01\/dhl-logo.png","title":"","caption":"","description":"","alt":"dhl logo","srcset":false}],"countries":["Sweden"],"ingredients":"","usage":""},"_links":{"self":[{"href":"https:\/\/earthworm.templweb.com\/sv\/wp-json\/wp\/v2\/product\/4208"}],"collection":[{"href":"https:\/\/earthworm.templweb.com\/sv\/wp-json\/wp\/v2\/product"}],"about":[{"href":"https:\/\/earthworm.templweb.com\/sv\/wp-json\/wp\/v2\/types\/product"}],"replies":[{"embeddable":true,"href":"https:\/\/earthworm.templweb.com\/sv\/wp-json\/wp\/v2\/comments?post=4208"}],"wp:featuredmedia":[{"embeddable":true,"href":"https:\/\/earthworm.templweb.com\/sv\/wp-json\/wp\/v2\/media\/4315"}],"wp:attachment":[{"href":"https:\/\/earthworm.templweb.com\/sv\/wp-json\/wp\/v2\/media?parent=4208"}],"wp:term":[{"taxonomy":"product_cat","embeddable":true,"href":"https:\/\/earthworm.templweb.com\/sv\/wp-json\/wp\/v2\/product_cat?post=4208"},{"taxonomy":"product_tag","embeddable":true,"href":"https:\/\/earthworm.templweb.com\/sv\/wp-json\/wp\/v2\/product_tag?post=4208"}],"curies":[{"name":"wp","href":"https:\/\/api.w.org\/{rel}","templated":true}]}}